{"id":955,"date":"2026-04-14T08:29:09","date_gmt":"2026-04-14T13:29:09","guid":{"rendered":"https:\/\/terminosycondiciones.movichhotels.com\/?page_id=955"},"modified":"2026-04-14T08:34:38","modified_gmt":"2026-04-14T13:34:38","slug":"ministeriodedefensa","status":"publish","type":"page","link":"https:\/\/terminosycondiciones.movichhotels.com\/en\/alianzas\/ministeriodedefensa\/","title":{"rendered":"Ministry of Defense of Colombia"},"content":{"rendered":"<div data-elementor-type=\"wp-page\" data-elementor-id=\"955\" class=\"elementor elementor-955\" data-elementor-post-type=\"page\">\n\t\t\t\t<div class=\"elementor-element elementor-element-3ac1335 e-flex e-con-boxed e-con e-parent\" data-id=\"3ac1335\" data-element_type=\"container\" data-e-type=\"container\">\n\t\t\t\t\t<div class=\"e-con-inner\">\n\t\t\t\t<div class=\"elementor-element elementor-element-a248194 elementor-widget elementor-widget-heading\" data-id=\"a248194\" data-element_type=\"widget\" data-e-type=\"widget\" data-widget_type=\"heading.default\">\n\t\t\t\t<div class=\"elementor-widget-container\">\n\t\t\t\t\t<h2 class=\"elementor-heading-title elementor-size-default\">T\u00e9rminos y Condiciones <br> MINISTERIO DE DEFENSA DE COLOMBIA<\/h2>\t\t\t\t<\/div>\n\t\t\t\t<\/div>\n\t\t\t\t\t<\/div>\n\t\t\t\t<\/div>\n\t\t<div class=\"elementor-element elementor-element-972bdc1 e-flex e-con-boxed e-con e-parent\" data-id=\"972bdc1\" data-element_type=\"container\" data-e-type=\"container\">\n\t\t\t\t\t<div class=\"e-con-inner\">\n\t\t\t\t<div class=\"elementor-element elementor-element-a1be558 elementor-widget elementor-widget-text-editor\" data-id=\"a1be558\" data-element_type=\"widget\" data-e-type=\"widget\" data-widget_type=\"text-editor.default\">\n\t\t\t\t<div class=\"elementor-widget-container\">\n\t\t\t\t\t\t\t\t\t<div class=\"x_elementToProof\" data-olk-copy-source=\"MessageBody\"><p>Los valores expuestos en las piezas publicitarias incluyen IVA y corresponden a tarifas en habitaci\u00f3n est\u00e1ndar. Las tarifas preferenciales consisten en un descuento entre el 30% y el 50% sobre las tarifas p\u00fablicas sin restricciones, aplicable en los hoteles de la cadena para reservas realizadas a trav\u00e9s de https:\/\/www.movichhotels.com\/ponal\/ o mediante la central de reservas +57 (601) 4824466 \/ +57 316 289 3777, mencionando el c\u00f3digo \u201cPOLICIA\u201d al momento de efectuar la reserva. Para acceder al beneficio, el usuario deber\u00e1 acreditar su calidad de beneficiario mediante la presentaci\u00f3n del carn\u00e9 o documento equivalente que lo identifique como tal. Se consideran beneficiarios los integrantes activos de la Fuerza P\u00fablica (Ej\u00e9rcito Nacional de Colombia, Armada de la Rep\u00fablica de Colombia, Fuerza Aeroespacial Colombiana y Polic\u00eda Nacional de Colombia), as\u00ed como sus familiares en primer grado de consanguinidad; veteranos de la Fuerza P\u00fablica y beneficiarios reconocidos conforme a los art\u00edculos 2 y 4 de la Ley 1979 de 2019 y sus familiares en primer grado de consanguinidad; igualmente personal civil del sector defensa y funcionarios del Grupo Social y Empresarial de la Defensa. Los beneficios aqu\u00ed descritos no son acumulables con otras promociones, descuentos o campa\u00f1as vigentes, estar\u00e1n sujetos a disponibilidad y validaci\u00f3n del beneficio por parte de la compa\u00f1\u00eda, y las tarifas tendr\u00e1n vigencia hasta el 15 de enero de 2027.<br \/>Se otorga un descuento del 30% al 50% sobre las tarifas p\u00fablicas sin restricciones en todos los hoteles de la cadena, aplicable a reservas realizadas a trav\u00e9s de https:\/\/www.movichhotels.com\/mindefensa\/<\/p><p>o comunic\u00e1ndose a la central de reservas al +57 (601) 4824466 \/ +57 3162893777. Los valores expuestos incluyen IVA (19%) La tarifa aplica para una habitaci\u00f3n est\u00e1ndar con capacidad de dos adultos y un ni\u00f1o menor de 11 a\u00f1os por noche.<\/p><\/div>\t\t\t\t\t\t\t\t<\/div>\n\t\t\t\t<\/div>\n\t\t\t\t\t<\/div>\n\t\t\t\t<\/div>\n\t\t<div class=\"elementor-element elementor-element-b75dd27 e-flex e-con-boxed e-con e-parent\" data-id=\"b75dd27\" data-element_type=\"container\" data-e-type=\"container\">\n\t\t\t\t\t<div class=\"e-con-inner\">\n\t\t\t\t<div class=\"elementor-element elementor-element-62b4c4f elementor-widget elementor-widget-spacer\" data-id=\"62b4c4f\" data-element_type=\"widget\" data-e-type=\"widget\" data-widget_type=\"spacer.default\">\n\t\t\t\t<div class=\"elementor-widget-container\">\n\t\t\t\t\t\t\t<div class=\"elementor-spacer\">\n\t\t\t<div class=\"elementor-spacer-inner\"><\/div>\n\t\t<\/div>\n\t\t\t\t\t\t<\/div>\n\t\t\t\t<\/div>\n\t\t\t\t\t<\/div>\n\t\t\t\t<\/div>\n\t\t\t\t<\/div>","protected":false},"excerpt":{"rendered":"<p>T\u00e9rminos y Condiciones MINISTERIO DE DEFENSA DE COLOMBIA Los valores expuestos en las piezas publicitarias incluyen IVA y corresponden a tarifas en habitaci\u00f3n est\u00e1ndar. Las tarifas<span class=\"excerpt-hellip\"> [\u2026]<\/span><\/p>\n","protected":false},"author":1,"featured_media":-1,"parent":933,"menu_order":0,"comment_status":"closed","ping_status":"closed","template":"elementor_header_footer","meta":{"footnotes":""},"class_list":["post-955","page","type-page","status-publish","has-post-thumbnail","hentry"],"_links":{"self":[{"href":"https:\/\/terminosycondiciones.movichhotels.com\/en\/wp-json\/wp\/v2\/pages\/955","targetHints":{"allow":["GET"]}}],"collection":[{"href":"https:\/\/terminosycondiciones.movichhotels.com\/en\/wp-json\/wp\/v2\/pages"}],"about":[{"href":"https:\/\/terminosycondiciones.movichhotels.com\/en\/wp-json\/wp\/v2\/types\/page"}],"author":[{"embeddable":true,"href":"https:\/\/terminosycondiciones.movichhotels.com\/en\/wp-json\/wp\/v2\/users\/1"}],"replies":[{"embeddable":true,"href":"https:\/\/terminosycondiciones.movichhotels.com\/en\/wp-json\/wp\/v2\/comments?post=955"}],"version-history":[{"count":4,"href":"https:\/\/terminosycondiciones.movichhotels.com\/en\/wp-json\/wp\/v2\/pages\/955\/revisions"}],"predecessor-version":[{"id":963,"href":"https:\/\/terminosycondiciones.movichhotels.com\/en\/wp-json\/wp\/v2\/pages\/955\/revisions\/963"}],"up":[{"embeddable":true,"href":"https:\/\/terminosycondiciones.movichhotels.com\/en\/wp-json\/wp\/v2\/pages\/933"}],"wp:featuredmedia":[{"embeddable":true,"href":"https:\/\/terminosycondiciones.movichhotels.com\/en\/wp-json\/"}],"wp:attachment":[{"href":"https:\/\/terminosycondiciones.movichhotels.com\/en\/wp-json\/wp\/v2\/media?parent=955"}],"curies":[{"name":"wp","href":"https:\/\/api.w.org\/{rel}","templated":true}]}}