{"id":945,"date":"2026-04-14T08:10:44","date_gmt":"2026-04-14T13:10:44","guid":{"rendered":"https:\/\/terminosycondiciones.movichhotels.com\/?page_id=945"},"modified":"2026-04-14T08:26:18","modified_gmt":"2026-04-14T13:26:18","slug":"policianacional","status":"publish","type":"page","link":"https:\/\/terminosycondiciones.movichhotels.com\/en\/alianzas\/policianacional\/","title":{"rendered":"Colombian National Police"},"content":{"rendered":"<div data-elementor-type=\"wp-page\" data-elementor-id=\"945\" class=\"elementor elementor-945\" data-elementor-post-type=\"page\">\n\t\t\t\t<div class=\"elementor-element elementor-element-3ac1335 e-flex e-con-boxed e-con e-parent\" data-id=\"3ac1335\" data-element_type=\"container\" data-e-type=\"container\">\n\t\t\t\t\t<div class=\"e-con-inner\">\n\t\t\t\t<div class=\"elementor-element elementor-element-a248194 elementor-widget elementor-widget-heading\" data-id=\"a248194\" data-element_type=\"widget\" data-e-type=\"widget\" data-widget_type=\"heading.default\">\n\t\t\t\t<div class=\"elementor-widget-container\">\n\t\t\t\t\t<h2 class=\"elementor-heading-title elementor-size-default\">T\u00e9rminos y Condiciones <br>POLIC\u00cdA NACIONAL DE COLOMBIA<\/h2>\t\t\t\t<\/div>\n\t\t\t\t<\/div>\n\t\t\t\t\t<\/div>\n\t\t\t\t<\/div>\n\t\t<div class=\"elementor-element elementor-element-972bdc1 e-flex e-con-boxed e-con e-parent\" data-id=\"972bdc1\" data-element_type=\"container\" data-e-type=\"container\">\n\t\t\t\t\t<div class=\"e-con-inner\">\n\t\t\t\t<div class=\"elementor-element elementor-element-a1be558 elementor-widget elementor-widget-text-editor\" data-id=\"a1be558\" data-element_type=\"widget\" data-e-type=\"widget\" data-widget_type=\"text-editor.default\">\n\t\t\t\t<div class=\"elementor-widget-container\">\n\t\t\t\t\t\t\t\t\t<div class=\"x_elementToProof\" data-olk-copy-source=\"MessageBody\">Global Operadora Hotelera ofrece al personal uniformado y no uniformado activo de la Polic\u00eda Nacional de Colombia, incluyendo su n\u00facleo familiar, acceso preferencial al portafolio de servicios de la compa\u00f1\u00eda en los hoteles de la cadena. Para hacer uso de los beneficios, el beneficiario deber\u00e1 presentar el carn\u00e9 institucional o documento equivalente que lo acredite como miembro activo de la instituci\u00f3n al momento de la reserva o del check-in. Las tarifas preferenciales corresponden a un descuento entre el 30% y el 50% sobre las tarifas p\u00fablicas sin restricciones, aplicable en los hoteles de la cadena. Las reservas deber\u00e1n realizarse a trav\u00e9s del sitio web <a href=\"https:\/\/www.movichhotels.com\/ponal\/\">https:\/\/www.movichhotels.com\/ponal\/<\/a> o mediante la central de reservas +57 (601) 4824466 \/ +57 316 289 3777, mencionando el c\u00f3digo \u201cPOLICIA\u201d al momento de efectuar la solicitud; para reservas en el hotel Intercontinental Movich Medell\u00edn, estas deber\u00e1n realizarse exclusivamente a trav\u00e9s de la central de reservas. Los valores expuestos en las piezas publicitarias incluyen IVA y corresponden a tarifas en habitaci\u00f3n est\u00e1ndar. Los beneficios incluyen tarifas preferenciales para una o dos personas con un menor de hasta 11 a\u00f1os con desayuno incluido, 20% de descuento en Alimentos y Bebidas, y 20% de descuento en servicios de spa en los hoteles donde aplique (no aplica en Cartagena ni en Casa del Alf\u00e9rez); en Kua Spa aplica un 15% de descuento. Los beneficios aqu\u00ed descritos no son acumulables con otras promociones, campa\u00f1as o descuentos vigentes, estar\u00e1n sujetos a disponibilidad y validaci\u00f3n por parte de la compa\u00f1\u00eda, y tendr\u00e1n vigencia hasta el 15 de enero de 2027. La compa\u00f1\u00eda se reserva el derecho de modificar, suspender o ajustar las condiciones del beneficio cuando las condiciones operativas o comerciales as\u00ed lo requieran, respetando las reservas previamente confirmadas.Los valores expuestos en las piezas publicitarias incluyen IVA y corresponden a tarifas en habitaci\u00f3n est\u00e1ndar. Los beneficios incluyen tarifas preferenciales para una o dos personas con un menor de hasta 11 a\u00f1os con desayuno incluido, 20% de descuento en Alimentos y Bebidas, y 20% de descuento en servicios de spa en los hoteles donde aplique (no aplica en Cartagena ni en Casa del Alf\u00e9rez); en Kua Spa aplica un 15% de descuento.<br \/>Los beneficios aqu\u00ed descritos no son acumulables con otras promociones, campa\u00f1as o descuentos vigentes, estar\u00e1n sujetos a disponibilidad y validaci\u00f3n por parte de la compa\u00f1\u00eda, y tendr\u00e1n vigencia hasta el 15 de enero de 2027. La compa\u00f1\u00eda se reserva el derecho de modificar, suspender o ajustar las condiciones del beneficio cuando las condiciones operativas o comerciales as\u00ed lo requieran, respetando las reservas previamente confirmadas.<\/div>\t\t\t\t\t\t\t\t<\/div>\n\t\t\t\t<\/div>\n\t\t\t\t\t<\/div>\n\t\t\t\t<\/div>\n\t\t<div class=\"elementor-element elementor-element-b75dd27 e-flex e-con-boxed e-con e-parent\" data-id=\"b75dd27\" data-element_type=\"container\" data-e-type=\"container\">\n\t\t\t\t\t<div class=\"e-con-inner\">\n\t\t\t\t<div class=\"elementor-element elementor-element-62b4c4f elementor-widget elementor-widget-spacer\" data-id=\"62b4c4f\" data-element_type=\"widget\" data-e-type=\"widget\" data-widget_type=\"spacer.default\">\n\t\t\t\t<div class=\"elementor-widget-container\">\n\t\t\t\t\t\t\t<div class=\"elementor-spacer\">\n\t\t\t<div class=\"elementor-spacer-inner\"><\/div>\n\t\t<\/div>\n\t\t\t\t\t\t<\/div>\n\t\t\t\t<\/div>\n\t\t\t\t\t<\/div>\n\t\t\t\t<\/div>\n\t\t\t\t<\/div>","protected":false},"excerpt":{"rendered":"<p>T\u00e9rminos y Condiciones POLIC\u00cdA NACIONAL DE COLOMBIA Global Operadora Hotelera ofrece al personal uniformado y no uniformado activo de la Polic\u00eda Nacional de Colombia, incluyendo su<span class=\"excerpt-hellip\"> [\u2026]<\/span><\/p>\n","protected":false},"author":1,"featured_media":-1,"parent":933,"menu_order":0,"comment_status":"closed","ping_status":"closed","template":"elementor_header_footer","meta":{"footnotes":""},"class_list":["post-945","page","type-page","status-publish","has-post-thumbnail","hentry"],"_links":{"self":[{"href":"https:\/\/terminosycondiciones.movichhotels.com\/en\/wp-json\/wp\/v2\/pages\/945","targetHints":{"allow":["GET"]}}],"collection":[{"href":"https:\/\/terminosycondiciones.movichhotels.com\/en\/wp-json\/wp\/v2\/pages"}],"about":[{"href":"https:\/\/terminosycondiciones.movichhotels.com\/en\/wp-json\/wp\/v2\/types\/page"}],"author":[{"embeddable":true,"href":"https:\/\/terminosycondiciones.movichhotels.com\/en\/wp-json\/wp\/v2\/users\/1"}],"replies":[{"embeddable":true,"href":"https:\/\/terminosycondiciones.movichhotels.com\/en\/wp-json\/wp\/v2\/comments?post=945"}],"version-history":[{"count":5,"href":"https:\/\/terminosycondiciones.movichhotels.com\/en\/wp-json\/wp\/v2\/pages\/945\/revisions"}],"predecessor-version":[{"id":951,"href":"https:\/\/terminosycondiciones.movichhotels.com\/en\/wp-json\/wp\/v2\/pages\/945\/revisions\/951"}],"up":[{"embeddable":true,"href":"https:\/\/terminosycondiciones.movichhotels.com\/en\/wp-json\/wp\/v2\/pages\/933"}],"wp:featuredmedia":[{"embeddable":true,"href":"https:\/\/terminosycondiciones.movichhotels.com\/en\/wp-json\/"}],"wp:attachment":[{"href":"https:\/\/terminosycondiciones.movichhotels.com\/en\/wp-json\/wp\/v2\/media?parent=945"}],"curies":[{"name":"wp","href":"https:\/\/api.w.org\/{rel}","templated":true}]}}