{"id":920,"date":"2026-03-30T10:13:33","date_gmt":"2026-03-30T15:13:33","guid":{"rendered":"https:\/\/terminosycondiciones.movichhotels.com\/?page_id=920"},"modified":"2026-03-30T10:15:17","modified_gmt":"2026-03-30T15:15:17","slug":"colombianos","status":"publish","type":"page","link":"https:\/\/terminosycondiciones.movichhotels.com\/en\/colombianos\/","title":{"rendered":"Colombianos"},"content":{"rendered":"<div data-elementor-type=\"wp-page\" data-elementor-id=\"920\" class=\"elementor elementor-920\" data-elementor-post-type=\"page\">\n\t\t\t\t<div class=\"elementor-element elementor-element-3ac1335 e-flex e-con-boxed e-con e-parent\" data-id=\"3ac1335\" data-element_type=\"container\" data-e-type=\"container\">\n\t\t\t\t\t<div class=\"e-con-inner\">\n\t\t\t\t<div class=\"elementor-element elementor-element-a248194 elementor-widget elementor-widget-heading\" data-id=\"a248194\" data-element_type=\"widget\" data-e-type=\"widget\" data-widget_type=\"heading.default\">\n\t\t\t\t<div class=\"elementor-widget-container\">\n\t\t\t\t\t<h2 class=\"elementor-heading-title elementor-size-default\">Colombian Terms and Conditions<\/h2>\t\t\t\t<\/div>\n\t\t\t\t<\/div>\n\t\t\t\t\t<\/div>\n\t\t\t\t<\/div>\n\t\t<div class=\"elementor-element elementor-element-972bdc1 e-flex e-con-boxed e-con e-parent\" data-id=\"972bdc1\" data-element_type=\"container\" data-e-type=\"container\">\n\t\t\t\t\t<div class=\"e-con-inner\">\n\t\t\t\t<div class=\"elementor-element elementor-element-a1be558 elementor-widget elementor-widget-text-editor\" data-id=\"a1be558\" data-element_type=\"widget\" data-e-type=\"widget\" data-widget_type=\"text-editor.default\">\n\t\t\t\t<div class=\"elementor-widget-container\">\n\t\t\t\t\t\t\t\t\t<div class=\"x_elementToProof\" data-olk-copy-source=\"MessageBody\"><span data-olk-copy-source=\"MessageBody\">The promotion identified with the promotional code COLOMBIANOS applies exclusively to Colombian citizens at the Movich Bur\u00f3 51 and Movich Casa del Alf\u00e9rez properties for reservations made from April 1, 2026, to May 31, 2026, the latter being the stay date. The promotion is valid for standard rooms. Weekday rates apply from Monday to Thursday, and weekend rates apply from Friday to Sunday. Rates apply for one or two people. For Cali (Movich Casa del Alf\u00e9rez), the weekday rate is COP $581,910 per night (VAT included), and the weekend rate is COP $474,810 per night (VAT included). For Movich Bur\u00f3 51, the weekday rate (Monday to Thursday) is COP $466,480 per night (VAT included), and the weekend rate is COP $428,400 per night (VAT included). Rates are per night, include breakfast, and are non-refundable promotional rates. They cannot be combined with other promotions, do not apply to the Movich Light product, nor to reservations of ten (10) or more rooms, and are subject to availability at the time of booking. To access the Promotion, reservations must be made exclusively through direct channels: the website movichhotels.com using the code \u201ccolombianos\u201d, the reservations center at +57 (601) 482 44 66, WhatsApp +57 316 289 3777, or email reservas@movichhotels.com, expressly mentioning the promotional code. It is expressly stated that the Promotion DOES NOT APPLY to reservations made through indirect channels (OTAs and Agencies). Additionally, at check-in, the guest's nationality will be verified, and it will be mandatory to present a Colombian ID card; otherwise, the promotion will not apply, and the guest will be required to book at the best available rate. These terms and conditions can be reviewed on the official website movichhotels.com<\/span><\/div>\t\t\t\t\t\t\t\t<\/div>\n\t\t\t\t<\/div>\n\t\t\t\t\t<\/div>\n\t\t\t\t<\/div>\n\t\t<div class=\"elementor-element elementor-element-b75dd27 e-flex e-con-boxed e-con e-parent\" data-id=\"b75dd27\" data-element_type=\"container\" data-e-type=\"container\">\n\t\t\t\t\t<div class=\"e-con-inner\">\n\t\t\t\t<div class=\"elementor-element elementor-element-62b4c4f elementor-widget elementor-widget-spacer\" data-id=\"62b4c4f\" data-element_type=\"widget\" data-e-type=\"widget\" data-widget_type=\"spacer.default\">\n\t\t\t\t<div class=\"elementor-widget-container\">\n\t\t\t\t\t\t\t<div class=\"elementor-spacer\">\n\t\t\t<div class=\"elementor-spacer-inner\"><\/div>\n\t\t<\/div>\n\t\t\t\t\t\t<\/div>\n\t\t\t\t<\/div>\n\t\t\t\t\t<\/div>\n\t\t\t\t<\/div>\n\t\t\t\t<\/div>","protected":false},"excerpt":{"rendered":"<p>T\u00e9rminos y Condiciones COLOMBIANOS La promoci\u00f3n identificada con el c\u00f3digo promocional COLOMBIANOS aplica exclusivamente para ciudadanos colombianos en las propiedades Movich Bur\u00f3 51 y Movich Casa<span class=\"excerpt-hellip\"> [\u2026]<\/span><\/p>\n","protected":false},"author":1,"featured_media":-1,"parent":0,"menu_order":0,"comment_status":"closed","ping_status":"closed","template":"elementor_header_footer","meta":{"footnotes":""},"class_list":["post-920","page","type-page","status-publish","has-post-thumbnail","hentry"],"_links":{"self":[{"href":"https:\/\/terminosycondiciones.movichhotels.com\/en\/wp-json\/wp\/v2\/pages\/920","targetHints":{"allow":["GET"]}}],"collection":[{"href":"https:\/\/terminosycondiciones.movichhotels.com\/en\/wp-json\/wp\/v2\/pages"}],"about":[{"href":"https:\/\/terminosycondiciones.movichhotels.com\/en\/wp-json\/wp\/v2\/types\/page"}],"author":[{"embeddable":true,"href":"https:\/\/terminosycondiciones.movichhotels.com\/en\/wp-json\/wp\/v2\/users\/1"}],"replies":[{"embeddable":true,"href":"https:\/\/terminosycondiciones.movichhotels.com\/en\/wp-json\/wp\/v2\/comments?post=920"}],"version-history":[{"count":4,"href":"https:\/\/terminosycondiciones.movichhotels.com\/en\/wp-json\/wp\/v2\/pages\/920\/revisions"}],"predecessor-version":[{"id":927,"href":"https:\/\/terminosycondiciones.movichhotels.com\/en\/wp-json\/wp\/v2\/pages\/920\/revisions\/927"}],"wp:featuredmedia":[{"embeddable":true,"href":"https:\/\/terminosycondiciones.movichhotels.com\/en\/wp-json\/"}],"wp:attachment":[{"href":"https:\/\/terminosycondiciones.movichhotels.com\/en\/wp-json\/wp\/v2\/media?parent=920"}],"curies":[{"name":"wp","href":"https:\/\/api.w.org\/{rel}","templated":true}]}}