{"id":797,"date":"2026-03-09T14:33:32","date_gmt":"2026-03-09T19:33:32","guid":{"rendered":"https:\/\/terminosycondiciones.movichhotels.com\/?page_id=797"},"modified":"2026-03-10T07:46:11","modified_gmt":"2026-03-10T12:46:11","slug":"cookies","status":"publish","type":"page","link":"https:\/\/terminosycondiciones.movichhotels.com\/en\/cookies\/","title":{"rendered":"Cookies Policy"},"content":{"rendered":"<div data-elementor-type=\"wp-page\" data-elementor-id=\"797\" class=\"elementor elementor-797\" data-elementor-post-type=\"page\">\n\t\t\t\t<div class=\"elementor-element elementor-element-3ac1335 e-flex e-con-boxed e-con e-parent\" data-id=\"3ac1335\" data-element_type=\"container\" data-e-type=\"container\">\n\t\t\t\t\t<div class=\"e-con-inner\">\n\t\t\t\t<div class=\"elementor-element elementor-element-a248194 elementor-widget elementor-widget-heading\" data-id=\"a248194\" data-element_type=\"widget\" data-e-type=\"widget\" data-widget_type=\"heading.default\">\n\t\t\t\t<div class=\"elementor-widget-container\">\n\t\t\t\t\t<h2 class=\"elementor-heading-title elementor-size-default\">Cookies Policy<\/h2>\t\t\t\t<\/div>\n\t\t\t\t<\/div>\n\t\t\t\t\t<\/div>\n\t\t\t\t<\/div>\n\t\t<div class=\"elementor-element elementor-element-972bdc1 e-flex e-con-boxed e-con e-parent\" data-id=\"972bdc1\" data-element_type=\"container\" data-e-type=\"container\">\n\t\t\t\t\t<div class=\"e-con-inner\">\n\t\t\t\t<div class=\"elementor-element elementor-element-b55083d elementor-widget__width-initial elementor-widget elementor-widget-text-editor\" data-id=\"b55083d\" data-element_type=\"widget\" data-e-type=\"widget\" data-widget_type=\"text-editor.default\">\n\t\t\t\t<div class=\"elementor-widget-container\">\n\t\t\t\t\t\t\t\t\t<p><strong>BROWSING DATA POLICY\/COOKIES<\/strong><\/p><p><strong>1. OBJECTIVE<\/strong><\/p><p>This Browsing Data\/Cookies Policy establishes the terms and conditions under which GLOBAL OPERADORA HOTELERA S.A.S. (GOH) through the website, by means of cookies, collects information from visitors to store and retrieve information about the browsing carried out from said device, which allows improving the services offered.<\/p><p><strong>2. SCOPE<\/strong><\/p><p>The principles and provisions contained in this Policy shall apply to browsing data or cookies held by GOH. All GOH organizational processes involving browsing data or cookies must comply with the provisions of this document.\u00a0<\/p><p><strong>3. POLICY GUARDIANS<\/strong><\/p><p>This Policy is mandatory and must be strictly adhered to by the following individuals:\u00a0<\/p><p>\u2022 Legal representatives of GLOBAL OPERADORA HOTELERA S.A.S.\u00a0<br \/>\u2022 Workers of GLOBAL OPERADORA HOTELERA S.A.S.<br \/>\u2022 Contractors and third parties acting on behalf of GLOBAL OPERADORA HOTELERA S.A.S. or providing services to it, under any type of contractual arrangement, by virtue of which there is processing of browsing data or cookies.<br \/>\u2022 Shareholders and auditors.\u00a0<br \/>\u2022 Other persons as established by law.\u00a0<\/p><p><strong>4. WHAT ARE COOKIES?<\/strong><\/p><p>A cookie is a small file of letters and numbers that is stored in the user's browser when accessing certain web pages. The use of the term \"cookie\" in this policy also refers to similar technologies that allow data to be stored and retrieved on a device, such as Local Shared Objects (or Flash Cookies) and Web Beacons (or Bugs).<\/p><p>Through cookies, websites remember information about users' visits, helping to provide a better and more secure browsing experience. Cookies are associated with both anonymous users (those who visit websites without identifying themselves or registering) and those who do register on the website. Cookies can be \"session\" cookies, which are deleted when the session with the website ends, or \"persistent\" cookies, which remain on your computer for a specific period of time, defined by the cookie provider.<\/p><p>On the other hand, cookies are not viruses or any other type of malicious program that can harm users' devices. Additionally, cookies cannot delete or read information from users' computers or devices.<\/p><p>GOH y los terceros con los que contrate servicios para el uso de cookies, son los \u00fanicos que podr\u00e1n acceder a la informaci\u00f3n almacenada en las cookies que se han instalado dentro del equipo del usuario. La informaci\u00f3n almacenada en las cookies no puede ser le\u00edda por otros usuarios, ni estos podr\u00e1n acceder a la misma.<\/p><p><strong>6. OTHER TECHNOLOGIES<\/strong><\/p><p>These technologies (Clear GIFs, pixel tags, and others) allow GOH to recognize customer preference information, track transactions, and facilitate the effective administration of the GOH website. Clear GIFs are small graphics with a unique identifier, similar in function to cookies. Unlike cookies, which are stored on a user's computer hard drive, Clear GIFs are invisibly embedded in web pages. GOH, or a third party it contracts, may use Clear GIFs (also known as web beacons, web bugs, or pixel tabs) in connection with the Website and services, which, among other things, allow tracking visitor activity, help GOH manage content, and compile usage statistics. GOH, or a third party it contracts, may also use Clear GIFs in HTML email messages sent to customers to help GOH track email response rates and whether its emails are being forwarded.<\/p><p><strong>7. THIRD PARTIES<\/strong><\/p><p>The GOH website collects statistical information about users by storing cookies on the visitor's hard drive. To gather this information and process it statistically, Google Analytics services are used. This means that the collection and storage of this information (hereinafter, the procedures) is carried out using cookies directly between the user's browser and the Google Analytics server. When the user reconnects to the GOH website, the server will recognize the number stored in the cookie, as described above, and provide the aforementioned anonymous information. The procedures are managed and controlled exclusively by Google Analytics.<\/p><p>If you would like to view Google Analytics' privacy statement and privacy and cookie policies, you can do so at this address:\u00a0<a href=\"https:\/\/support.google.com\/\" target=\"_blank\" rel=\"nofollow noopener\">Google Support<\/a><\/p><p>GOH may share information obtained through cookies with external parties or third parties (partners, clients, suppliers, or companies affiliated with GOH) in order to improve usability and user services. Likewise, the information received through cookies will be used by GOH and the aforementioned third parties for the purposes described in this document.<\/p><p><strong>8. CAN I DISABLE THE INSTALLATION AND USE OF COOKIES BY GOH?<\/strong><\/p><p>The user can disable both the installation and use of cookies by GOH. To disable the installation and use of cookies, the user must follow the browser-specific procedure as indicated below:<\/p><p>\u2022 Internet Explorer: Tools -&gt; Internet Options -&gt; Privacy -&gt; Settings. For more information, you can consult:\u00a0<a href=\"http:\/\/windows.microsoft.com\/es-es\/windows-vista\/block-or-allow-cookies\" target=\"_blank\" rel=\"nofollow noopener\">Microsoft Support<\/a><br \/>\u2022 Mozilla Firefox: Tools -&gt; Options -&gt; Privacy -&gt; History -&gt; Custom Settings. For more information, you can consult:\u00a0<a href=\"http:\/\/support.mozilla.org\/es\/kb\/habilitar-y-deshabilitar-cookies-que-los-sitios-we\" target=\"_blank\" rel=\"nofollow noopener\">Mozilla Support<\/a><br \/>\u2022 Google Chrome: Settings -&gt; Show advanced settings -&gt; Privacy -&gt; Content settings. For more information, you can consult:\u00a0<a href=\"https:\/\/support.google.com\/chrome\/answer\/95647?hl=es\" target=\"_blank\" rel=\"nofollow noopener\">Google Support<\/a><br \/>\u2022 Safari: Preferences -&gt; Security. For more information, you can consult:\u00a0<a href=\"http:\/\/support.apple.com\/kb\/HT1677?viewlocale=es_ES\" target=\"_blank\" rel=\"nofollow noopener\">Apple Support<\/a><\/p><p>Additionally, there are other third-party tools available online that allow users to detect cookies on each website they visit and manage their deactivation, for example:<br \/>\u2022 Ghostery:\u00a0<a href=\"http:\/\/www.ghostery.com\/faq\" target=\"_blank\" rel=\"nofollow noopener\">Ghostery<\/a><br \/>\u2022 Vanilla Cookie Manager:\u00a0<a href=\"https:\/\/chrome.google.com\/webstore\/detail\/vanilla-cookie-manager\/\" target=\"_blank\" rel=\"nofollow noopener\">Google Support<\/a><\/p><p><strong>9. WHAT HAPPENS IF COOKIES ARE DISABLED?<\/strong><\/p><p>If you delete or disable cookies, some features of the GOH website may not be available or may not function optimally; you may lose or have some site functionalities affected, such as:<\/p><p>\u2022 Being able to access the GOH website without having to enter your username and password each time will save you time and allow you to use features such as newsletters, alerts, saved news, and more.<br \/>\u2022 Unrestricted access to content within the GOH website<br \/>\u2022 Speed \u200b\u200bin using any service within the GOH website<\/p><p><strong>10. SECURITY AND CONFIDENTIALITY<\/strong><\/p><p>GOH may contract third parties to store and obtain information through cookies, or to include cookies within the GOH website. These third parties may be located in Colombia or abroad. GOH may also provide third parties with the information obtained from cookies to create user profiles and offer personalized campaigns, without this implying the disclosure of personal information. Information obtained through these cookies, related to the user's device, may be combined with your personal data only if you are registered on the GOH website.<\/p><p>To ensure the protection of privacy and confidentiality of information, the Website includes measures such as data encryption, automatic session closure after inactivity, and automatic blocking of unauthorized access. Access to a user's online account requires a password to guarantee the confidentiality and security of the information.<\/p><p><strong>11. PROCEDURE FOR EXERCISING THE RIGHTS OF DATA SUBJECTS<\/strong><\/p><p>This Policy contains the necessary information that all website users should know about the use of cookies by GOH or its contracted third parties. GOH may modify this document at any time and without prior notice to keep it current and up-to-date. Therefore, we recommend that users check the date of creation or update, which is indicated at the end of this document.<\/p><p>To exercise the rights conferred upon each Client by the applicable law, the Client may submit their request to the following email address: atencionalcliente@movichhotels.com, and GOH will follow the corresponding legal procedures.<\/p><p><strong>This policy was last updated on July 24, 2019.<\/strong><\/p>\t\t\t\t\t\t\t\t<\/div>\n\t\t\t\t<\/div>\n\t\t\t\t\t<\/div>\n\t\t\t\t<\/div>\n\t\t<div class=\"elementor-element elementor-element-b75dd27 e-flex e-con-boxed e-con e-parent\" data-id=\"b75dd27\" data-element_type=\"container\" data-e-type=\"container\">\n\t\t\t\t\t<div class=\"e-con-inner\">\n\t\t\t\t<div class=\"elementor-element elementor-element-62b4c4f elementor-widget elementor-widget-spacer\" data-id=\"62b4c4f\" data-element_type=\"widget\" data-e-type=\"widget\" data-widget_type=\"spacer.default\">\n\t\t\t\t<div class=\"elementor-widget-container\">\n\t\t\t\t\t\t\t<div class=\"elementor-spacer\">\n\t\t\t<div class=\"elementor-spacer-inner\"><\/div>\n\t\t<\/div>\n\t\t\t\t\t\t<\/div>\n\t\t\t\t<\/div>\n\t\t\t\t\t<\/div>\n\t\t\t\t<\/div>\n\t\t\t\t<\/div>","protected":false},"excerpt":{"rendered":"<p>Pol\u00edtica de Cookies POL\u00cdTICA DE DATOS DE NAVEGACI\u00d3N\/ COOKIES 1. OBJETIVO Esta Pol\u00edtica de Datos de navegaci\u00f3n\/ cookies establece los t\u00e9rminos y condiciones bajo las cuales<span class=\"excerpt-hellip\"> [\u2026]<\/span><\/p>\n","protected":false},"author":1,"featured_media":-1,"parent":0,"menu_order":0,"comment_status":"closed","ping_status":"closed","template":"","meta":{"footnotes":""},"class_list":["post-797","page","type-page","status-publish","has-post-thumbnail","hentry"],"_links":{"self":[{"href":"https:\/\/terminosycondiciones.movichhotels.com\/en\/wp-json\/wp\/v2\/pages\/797","targetHints":{"allow":["GET"]}}],"collection":[{"href":"https:\/\/terminosycondiciones.movichhotels.com\/en\/wp-json\/wp\/v2\/pages"}],"about":[{"href":"https:\/\/terminosycondiciones.movichhotels.com\/en\/wp-json\/wp\/v2\/types\/page"}],"author":[{"embeddable":true,"href":"https:\/\/terminosycondiciones.movichhotels.com\/en\/wp-json\/wp\/v2\/users\/1"}],"replies":[{"embeddable":true,"href":"https:\/\/terminosycondiciones.movichhotels.com\/en\/wp-json\/wp\/v2\/comments?post=797"}],"version-history":[{"count":13,"href":"https:\/\/terminosycondiciones.movichhotels.com\/en\/wp-json\/wp\/v2\/pages\/797\/revisions"}],"predecessor-version":[{"id":862,"href":"https:\/\/terminosycondiciones.movichhotels.com\/en\/wp-json\/wp\/v2\/pages\/797\/revisions\/862"}],"wp:featuredmedia":[{"embeddable":true,"href":"https:\/\/terminosycondiciones.movichhotels.com\/en\/wp-json\/"}],"wp:attachment":[{"href":"https:\/\/terminosycondiciones.movichhotels.com\/en\/wp-json\/wp\/v2\/media?parent=797"}],"curies":[{"name":"wp","href":"https:\/\/api.w.org\/{rel}","templated":true}]}}