{"id":772,"date":"2026-03-09T14:14:44","date_gmt":"2026-03-09T19:14:44","guid":{"rendered":"https:\/\/terminosycondiciones.movichhotels.com\/?page_id=772"},"modified":"2026-03-30T08:32:23","modified_gmt":"2026-03-30T13:32:23","slug":"politica-privacidad","status":"publish","type":"page","link":"https:\/\/terminosycondiciones.movichhotels.com\/en\/politica-privacidad\/","title":{"rendered":"Privacy Policy"},"content":{"rendered":"<div data-elementor-type=\"wp-page\" data-elementor-id=\"772\" class=\"elementor elementor-772\" data-elementor-post-type=\"page\">\n\t\t\t\t<div class=\"elementor-element elementor-element-3ac1335 e-flex e-con-boxed e-con e-parent\" data-id=\"3ac1335\" data-element_type=\"container\" data-e-type=\"container\">\n\t\t\t\t\t<div class=\"e-con-inner\">\n\t\t\t\t<div class=\"elementor-element elementor-element-a248194 elementor-widget elementor-widget-heading\" data-id=\"a248194\" data-element_type=\"widget\" data-e-type=\"widget\" data-widget_type=\"heading.default\">\n\t\t\t\t<div class=\"elementor-widget-container\">\n\t\t\t\t\t<h2 class=\"elementor-heading-title elementor-size-default\">Privacy Policy<\/h2>\t\t\t\t<\/div>\n\t\t\t\t<\/div>\n\t\t\t\t\t<\/div>\n\t\t\t\t<\/div>\n\t\t<div class=\"elementor-element elementor-element-159111a e-flex e-con-boxed e-con e-parent\" data-id=\"159111a\" data-element_type=\"container\" data-e-type=\"container\">\n\t\t\t\t\t<div class=\"e-con-inner\">\n\t\t\t\t<div class=\"elementor-element elementor-element-2e69cc1 elementor-widget__width-initial elementor-widget elementor-widget-heading\" data-id=\"2e69cc1\" data-element_type=\"widget\" data-e-type=\"widget\" data-widget_type=\"heading.default\">\n\t\t\t\t<div class=\"elementor-widget-container\">\n\t\t\t\t\t<p class=\"elementor-heading-title elementor-size-default\"><a href=\"https:\/\/drive.google.com\/file\/d\/1Rwzn-vpJRyiSDFNPFKD9EXHjHj6EckwE\/view?usp=sharing\" target=\"_blank\" rel=\"noopener\">POL\u00cdTICA DE TRATAMIENTO DE LA INFORMACI\u00d3N GOH<\/a><\/p>\t\t\t\t<\/div>\n\t\t\t\t<\/div>\n\t\t\t\t<div class=\"elementor-element elementor-element-de5b741 elementor-widget__width-initial elementor-widget elementor-widget-heading\" data-id=\"de5b741\" data-element_type=\"widget\" data-e-type=\"widget\" data-widget_type=\"heading.default\">\n\t\t\t\t<div class=\"elementor-widget-container\">\n\t\t\t\t\t<p class=\"elementor-heading-title elementor-size-default\"><a href=\"https:\/\/drive.google.com\/file\/d\/1RZ-832FJr9hridt0HXmnFQhR6u1SrEwR\/view?usp=sharing\" target=\"_blank\" rel=\"noopener\">POL\u00cdTICA DE TRATAMIENTO DE LA INFORMACI\u00d3N GIH<\/a><\/p>\t\t\t\t<\/div>\n\t\t\t\t<\/div>\n\t\t\t\t<div class=\"elementor-element elementor-element-fbb1bad elementor-widget__width-initial elementor-widget elementor-widget-heading\" data-id=\"fbb1bad\" data-element_type=\"widget\" data-e-type=\"widget\" data-widget_type=\"heading.default\">\n\t\t\t\t<div class=\"elementor-widget-container\">\n\t\t\t\t\t<p class=\"elementor-heading-title elementor-size-default\"><a href=\"https:\/\/drive.google.com\/file\/d\/1wFQyr5irepR17L941XWW83-wFHgxvokv\/view?usp=drive_link\" target=\"_blank\" rel=\"noopener\">POL\u00cdTICA DE TRATAMIENTO DE LA INFORMACI\u00d3N PHM<\/a><\/p>\t\t\t\t<\/div>\n\t\t\t\t<\/div>\n\t\t\t\t<div class=\"elementor-element elementor-element-160b77b elementor-widget__width-initial elementor-widget elementor-widget-heading\" data-id=\"160b77b\" data-element_type=\"widget\" data-e-type=\"widget\" data-widget_type=\"heading.default\">\n\t\t\t\t<div class=\"elementor-widget-container\">\n\t\t\t\t\t<p class=\"elementor-heading-title elementor-size-default\"><a href=\"https:\/\/drive.google.com\/file\/d\/1vRsh29Dlz7I1Vm9NWPyJvqOtuJ0tcMiY\/view?usp=drive_link\" target=\"_blank\" rel=\"noopener\">POL\u00cdTICA DE TRATAMIENTO DE LA INFORMACI\u00d3N HDP<\/a><\/p>\t\t\t\t<\/div>\n\t\t\t\t<\/div>\n\t\t\t\t<div class=\"elementor-element elementor-element-7f2a3ac elementor-widget__width-initial elementor-widget elementor-widget-heading\" data-id=\"7f2a3ac\" data-element_type=\"widget\" data-e-type=\"widget\" data-widget_type=\"heading.default\">\n\t\t\t\t<div class=\"elementor-widget-container\">\n\t\t\t\t\t<p class=\"elementor-heading-title elementor-size-default\"><a href=\"https:\/\/drive.google.com\/file\/d\/17mvWfo1BB95HM4BrlDOvNZoKueaGWzbi\/view?usp=drive_link\" target=\"_blank\" rel=\"noopener\">POL\u00cdTICA DE TRATAMIENTO DE LA INFORMACI\u00d3N E&amp;T<\/a><\/p>\t\t\t\t<\/div>\n\t\t\t\t<\/div>\n\t\t\t\t\t<\/div>\n\t\t\t\t<\/div>\n\t\t<div class=\"elementor-element elementor-element-b75dd27 e-flex e-con-boxed e-con e-parent\" data-id=\"b75dd27\" data-element_type=\"container\" data-e-type=\"container\">\n\t\t\t\t\t<div class=\"e-con-inner\">\n\t\t\t\t<div class=\"elementor-element elementor-element-62b4c4f elementor-widget elementor-widget-spacer\" data-id=\"62b4c4f\" data-element_type=\"widget\" data-e-type=\"widget\" data-widget_type=\"spacer.default\">\n\t\t\t\t<div class=\"elementor-widget-container\">\n\t\t\t\t\t\t\t<div class=\"elementor-spacer\">\n\t\t\t<div class=\"elementor-spacer-inner\"><\/div>\n\t\t<\/div>\n\t\t\t\t\t\t<\/div>\n\t\t\t\t<\/div>\n\t\t\t\t\t<\/div>\n\t\t\t\t<\/div>\n\t\t\t\t<\/div>","protected":false},"excerpt":{"rendered":"<p>Pol\u00edtica de privacidad POL\u00cdTICA DE TRATAMIENTO DE LA INFORMACI\u00d3N GOH POL\u00cdTICA DE TRATAMIENTO DE LA INFORMACI\u00d3N GIH POL\u00cdTICA DE TRATAMIENTO DE LA INFORMACI\u00d3N PHM POL\u00cdTICA DE<span class=\"excerpt-hellip\"> [\u2026]<\/span><\/p>\n","protected":false},"author":1,"featured_media":-1,"parent":0,"menu_order":0,"comment_status":"closed","ping_status":"closed","template":"","meta":{"footnotes":""},"class_list":["post-772","page","type-page","status-publish","has-post-thumbnail","hentry"],"_links":{"self":[{"href":"https:\/\/terminosycondiciones.movichhotels.com\/en\/wp-json\/wp\/v2\/pages\/772","targetHints":{"allow":["GET"]}}],"collection":[{"href":"https:\/\/terminosycondiciones.movichhotels.com\/en\/wp-json\/wp\/v2\/pages"}],"about":[{"href":"https:\/\/terminosycondiciones.movichhotels.com\/en\/wp-json\/wp\/v2\/types\/page"}],"author":[{"embeddable":true,"href":"https:\/\/terminosycondiciones.movichhotels.com\/en\/wp-json\/wp\/v2\/users\/1"}],"replies":[{"embeddable":true,"href":"https:\/\/terminosycondiciones.movichhotels.com\/en\/wp-json\/wp\/v2\/comments?post=772"}],"version-history":[{"count":16,"href":"https:\/\/terminosycondiciones.movichhotels.com\/en\/wp-json\/wp\/v2\/pages\/772\/revisions"}],"predecessor-version":[{"id":910,"href":"https:\/\/terminosycondiciones.movichhotels.com\/en\/wp-json\/wp\/v2\/pages\/772\/revisions\/910"}],"wp:featuredmedia":[{"embeddable":true,"href":"https:\/\/terminosycondiciones.movichhotels.com\/en\/wp-json\/"}],"wp:attachment":[{"href":"https:\/\/terminosycondiciones.movichhotels.com\/en\/wp-json\/wp\/v2\/media?parent=772"}],"curies":[{"name":"wp","href":"https:\/\/api.w.org\/{rel}","templated":true}]}}