{"id":1097,"date":"2026-04-23T14:20:12","date_gmt":"2026-04-23T19:20:12","guid":{"rendered":"https:\/\/terminosycondiciones.movichhotels.com\/?page_id=1097"},"modified":"2026-04-23T14:24:29","modified_gmt":"2026-04-23T19:24:29","slug":"eventos-dia-del-nino-2026","status":"publish","type":"page","link":"https:\/\/terminosycondiciones.movichhotels.com\/en\/eventos-dia-del-nino-2026\/","title":{"rendered":"Eventos: D\u00eda del Ni\u00f1o &#8211; 2026"},"content":{"rendered":"<div data-elementor-type=\"wp-page\" data-elementor-id=\"1097\" class=\"elementor elementor-1097\" data-elementor-post-type=\"page\">\n\t\t\t\t<div class=\"elementor-element elementor-element-e6b91bf e-flex e-con-boxed e-con e-parent\" data-id=\"e6b91bf\" data-element_type=\"container\" data-e-type=\"container\">\n\t\t\t\t\t<div class=\"e-con-inner\">\n\t\t\t\t<div class=\"elementor-element elementor-element-902843e elementor-widget elementor-widget-heading\" data-id=\"902843e\" data-element_type=\"widget\" data-e-type=\"widget\" data-widget_type=\"heading.default\">\n\t\t\t\t<div class=\"elementor-widget-container\">\n\t\t\t\t\t<h2 class=\"elementor-heading-title elementor-size-default\">T\u00e9rminos y Condiciones<br>\nEVENTOS D\u00cdA DEL NI\u00d1O 2026<\/h2>\t\t\t\t<\/div>\n\t\t\t\t<\/div>\n\t\t\t\t\t<\/div>\n\t\t\t\t<\/div>\n\t\t<div class=\"elementor-element elementor-element-4b4e6af e-flex e-con-boxed e-con e-parent\" data-id=\"4b4e6af\" data-element_type=\"container\" data-e-type=\"container\">\n\t\t\t\t\t<div class=\"e-con-inner\">\n\t\t\t\t<div class=\"elementor-element elementor-element-c8356c4 elementor-widget elementor-widget-text-editor\" data-id=\"c8356c4\" data-element_type=\"widget\" data-e-type=\"widget\" data-widget_type=\"text-editor.default\">\n\t\t\t\t<div class=\"elementor-widget-container\">\n\t\t\t\t\t\t\t\t\t<div class=\"x_elementToProof\" style=\"text-align: center;\" data-olk-copy-source=\"MessageBody\"><span data-olk-copy-source=\"MessageBody\">Revisa aqu\u00ed los t\u00e9rminos y condiciones del Evento d\u00eda del Ni\u00f1o por tu hotel de preferencia.<\/span><\/div>\t\t\t\t\t\t\t\t<\/div>\n\t\t\t\t<\/div>\n\t\t\t\t\t<\/div>\n\t\t\t\t<\/div>\n\t\t<div class=\"elementor-element elementor-element-21b8bca e-flex e-con-boxed e-con e-parent\" data-id=\"21b8bca\" data-element_type=\"container\" data-e-type=\"container\">\n\t\t\t\t\t<div class=\"e-con-inner\">\n\t\t\t\t<div class=\"elementor-element elementor-element-e017b5f elementor-widget__width-initial elementor-widget elementor-widget-n-accordion\" data-id=\"e017b5f\" data-element_type=\"widget\" data-e-type=\"widget\" data-settings=\"{&quot;default_state&quot;:&quot;all_collapsed&quot;,&quot;max_items_expended&quot;:&quot;one&quot;,&quot;n_accordion_animation_duration&quot;:{&quot;unit&quot;:&quot;ms&quot;,&quot;size&quot;:400,&quot;sizes&quot;:[]}}\" data-widget_type=\"nested-accordion.default\">\n\t\t\t\t<div class=\"elementor-widget-container\">\n\t\t\t\t\t\t\t<div class=\"e-n-accordion\" aria-label=\"Accordion. Open links with Enter or Space, close with Escape, and navigate with Arrow Keys\">\n\t\t\t\t\t\t<details id=\"e-n-accordion-item-2340\" class=\"e-n-accordion-item\" >\n\t\t\t\t<summary class=\"e-n-accordion-item-title\" data-accordion-index=\"1\" tabindex=\"0\" aria-expanded=\"false\" aria-controls=\"e-n-accordion-item-2340\" >\n\t\t\t\t\t<span class='e-n-accordion-item-title-header'><div class=\"e-n-accordion-item-title-text\"> Movich Las Lomas - Rionegro <\/div><\/span>\n\t\t\t\t\t\t\t<span class='e-n-accordion-item-title-icon'>\n\t\t\t<span class='e-opened' ><svg aria-hidden=\"true\" class=\"e-font-icon-svg e-fas-chevron-circle-up\" viewbox=\"0 0 512 512\" xmlns=\"http:\/\/www.w3.org\/2000\/svg\"><path d=\"M8 256C8 119 119 8 256 8s248 111 248 248-111 248-248 248S8 393 8 256zm231-113.9L103.5 277.6c-9.4 9.4-9.4 24.6 0 33.9l17 17c9.4 9.4 24.6 9.4 33.9 0L256 226.9l101.6 101.6c9.4 9.4 24.6 9.4 33.9 0l17-17c9.4-9.4 9.4-24.6 0-33.9L273 142.1c-9.4-9.4-24.6-9.4-34 0z\"><\/path><\/svg><\/span>\n\t\t\t<span class='e-closed'><svg aria-hidden=\"true\" class=\"e-font-icon-svg e-fas-chevron-circle-down\" viewbox=\"0 0 512 512\" xmlns=\"http:\/\/www.w3.org\/2000\/svg\"><path d=\"M504 256c0 137-111 248-248 248S8 393 8 256 119 8 256 8s248 111 248 248zM273 369.9l135.5-135.5c9.4-9.4 9.4-24.6 0-33.9l-17-17c-9.4-9.4-24.6-9.4-33.9 0L256 285.1 154.4 183.5c-9.4-9.4-24.6-9.4-33.9 0l-17 17c-9.4 9.4-9.4 24.6 0 33.9L239 369.9c9.4 9.4 24.6 9.4 34 0z\"><\/path><\/svg><\/span>\n\t\t<\/span>\n\n\t\t\t\t\t\t<\/summary>\n\t\t\t\t<div role=\"region\" aria-labelledby=\"e-n-accordion-item-2340\" class=\"elementor-element elementor-element-e5ba5e3 e-con-full e-flex e-con e-child\" data-id=\"e5ba5e3\" data-element_type=\"container\" data-e-type=\"container\">\n\t\t\t\t<div class=\"elementor-element elementor-element-e15701c elementor-widget elementor-widget-text-editor\" data-id=\"e15701c\" data-element_type=\"widget\" data-e-type=\"widget\" data-widget_type=\"text-editor.default\">\n\t\t\t\t<div class=\"elementor-widget-container\">\n\t\t\t\t\t\t\t\t\t<p><span lang=\"es\"><b data-olk-copy-source=\"MessageBody\">Restaurante \u00c9bano Rionegro<\/b><\/span><\/p><ol><li style=\"list-style-type: none;\"><ol start=\"1\" type=\"1\"><li><span lang=\"es\">La actividad aplica \u00fanicamente para los d\u00edas\u00a0<b>s\u00e1bado 25 y domingo 26 de abril<\/b>, en el horario de\u00a0<b>8:00 a. m. a 6:00 p. m.<\/b><\/span><\/li><li><span lang=\"es\">El valor de\u00a0<b>$40.000 por ni\u00f1o<\/b>\u00a0corresponde a un consumo que incluye:<\/span><ul type=\"circle\"><li><span lang=\"es\">Ingreso a la\u00a0<b>piscina<\/b><\/span><\/li><li><span lang=\"es\">Acceso a la\u00a0<b>zona de juegos<\/b><\/span><\/li><li><b><span lang=\"es\">Men\u00fa infantil<\/span><\/b><span lang=\"es\">, conformado por:<\/span><ul type=\"square\"><li><span lang=\"es\">Perro caliente<\/span><\/li><li><span lang=\"es\">Nuggets con papitas<\/span><\/li><li><span lang=\"es\">Masmelos con chocolate<\/span><\/li><li><span lang=\"es\">Jugo<\/span><\/li><\/ul><\/li><\/ul><\/li><li><span lang=\"es\">Esta actividad aplica \u00fanicamente en\u00a0<b>Restaurante \u00c9bano<\/b>, ubicado en\u00a0<b>Hotel Movich Las Lomas \u2013 Rionegro<\/b>.<\/span><\/li><li><span lang=\"es\">El beneficio es\u00a0<b>exclusivo para ni\u00f1os<\/b>\u00a0y no podr\u00e1 ser canjeado por dinero en efectivo, ni total ni parcialmente.<\/span><\/li><li><span lang=\"es\">El ingreso y disfrute de las actividades estar\u00e1 sujeto a la\u00a0<b>capacidad operativa<\/b>\u00a0y al cumplimiento de las normas de uso de cada espacio.<\/span><\/li><li><span lang=\"es\">El uso de la piscina deber\u00e1 realizarse bajo la\u00a0<b>supervisi\u00f3n y responsabilidad de un adulto acompa\u00f1ante<\/b>.<\/span><\/li><li><span lang=\"es\">El men\u00fa infantil no podr\u00e1 ser modificado por otros productos distintos a los establecidos en la promoci\u00f3n, salvo disponibilidad o decisi\u00f3n operativa del restaurante.<\/span><\/li><li><span lang=\"es\">La promoci\u00f3n aplica \u00fanicamente dentro de las fechas y horarios establecidos y\u00a0<b>no es acumulable con otras promociones, descuentos, convenios o beneficios vigentes<\/b>.<\/span><\/li><li><span lang=\"es\">Cualquier consumo adicional al incluido en esta promoci\u00f3n deber\u00e1 ser asumido y pagado directamente por el cliente.<\/span><\/li><li><span lang=\"es\">El hotel y el restaurante se reservan el derecho de realizar ajustes operativos o de suspender la actividad por motivos de fuerza mayor, seguridad o disposiciones internas.<\/span><\/li><\/ol><\/li><\/ol>\t\t\t\t\t\t\t\t<\/div>\n\t\t\t\t<\/div>\n\t\t\t\t<\/div>\n\t\t\t\t\t<\/details>\n\t\t\t\t\t<\/div>\n\t\t\t\t\t\t<\/div>\n\t\t\t\t<\/div>\n\t\t\t\t\t<\/div>\n\t\t\t\t<\/div>\n\t\t<div class=\"elementor-element elementor-element-120c00e e-flex e-con-boxed e-con e-parent\" data-id=\"120c00e\" data-element_type=\"container\" data-e-type=\"container\">\n\t\t\t\t\t<div class=\"e-con-inner\">\n\t\t\t\t<div class=\"elementor-element elementor-element-7d800ef elementor-widget elementor-widget-spacer\" data-id=\"7d800ef\" data-element_type=\"widget\" data-e-type=\"widget\" data-widget_type=\"spacer.default\">\n\t\t\t\t<div class=\"elementor-widget-container\">\n\t\t\t\t\t\t\t<div class=\"elementor-spacer\">\n\t\t\t<div class=\"elementor-spacer-inner\"><\/div>\n\t\t<\/div>\n\t\t\t\t\t\t<\/div>\n\t\t\t\t<\/div>\n\t\t\t\t\t<\/div>\n\t\t\t\t<\/div>\n\t\t\t\t<\/div>","protected":false},"excerpt":{"rendered":"<p>T\u00e9rminos y Condiciones EVENTOS D\u00cdA DEL NI\u00d1O 2026 Revisa aqu\u00ed los t\u00e9rminos y condiciones del Evento d\u00eda del Ni\u00f1o por tu hotel de preferencia. Movich Las<span class=\"excerpt-hellip\"> [\u2026]<\/span><\/p>\n","protected":false},"author":1,"featured_media":-1,"parent":0,"menu_order":0,"comment_status":"closed","ping_status":"closed","template":"elementor_header_footer","meta":{"footnotes":""},"class_list":["post-1097","page","type-page","status-publish","has-post-thumbnail","hentry"],"_links":{"self":[{"href":"https:\/\/terminosycondiciones.movichhotels.com\/en\/wp-json\/wp\/v2\/pages\/1097","targetHints":{"allow":["GET"]}}],"collection":[{"href":"https:\/\/terminosycondiciones.movichhotels.com\/en\/wp-json\/wp\/v2\/pages"}],"about":[{"href":"https:\/\/terminosycondiciones.movichhotels.com\/en\/wp-json\/wp\/v2\/types\/page"}],"author":[{"embeddable":true,"href":"https:\/\/terminosycondiciones.movichhotels.com\/en\/wp-json\/wp\/v2\/users\/1"}],"replies":[{"embeddable":true,"href":"https:\/\/terminosycondiciones.movichhotels.com\/en\/wp-json\/wp\/v2\/comments?post=1097"}],"version-history":[{"count":7,"href":"https:\/\/terminosycondiciones.movichhotels.com\/en\/wp-json\/wp\/v2\/pages\/1097\/revisions"}],"predecessor-version":[{"id":1107,"href":"https:\/\/terminosycondiciones.movichhotels.com\/en\/wp-json\/wp\/v2\/pages\/1097\/revisions\/1107"}],"wp:featuredmedia":[{"embeddable":true,"href":"https:\/\/terminosycondiciones.movichhotels.com\/en\/wp-json\/"}],"wp:attachment":[{"href":"https:\/\/terminosycondiciones.movichhotels.com\/en\/wp-json\/wp\/v2\/media?parent=1097"}],"curies":[{"name":"wp","href":"https:\/\/api.w.org\/{rel}","templated":true}]}}