{"id":1001,"date":"2026-04-15T11:03:51","date_gmt":"2026-04-15T16:03:51","guid":{"rendered":"https:\/\/terminosycondiciones.movichhotels.com\/?page_id=1001"},"modified":"2026-04-15T11:19:26","modified_gmt":"2026-04-15T16:19:26","slug":"promociones-estandar","status":"publish","type":"page","link":"https:\/\/terminosycondiciones.movichhotels.com\/en\/promociones-estandar\/","title":{"rendered":"Standard Promotions"},"content":{"rendered":"<div data-elementor-type=\"wp-page\" data-elementor-id=\"1001\" class=\"elementor elementor-1001\" data-elementor-post-type=\"page\">\n\t\t\t\t<div class=\"elementor-element elementor-element-3ac1335 e-flex e-con-boxed e-con e-parent\" data-id=\"3ac1335\" data-element_type=\"container\" data-e-type=\"container\">\n\t\t\t\t\t<div class=\"e-con-inner\">\n\t\t\t\t<div class=\"elementor-element elementor-element-a248194 elementor-widget elementor-widget-heading\" data-id=\"a248194\" data-element_type=\"widget\" data-e-type=\"widget\" data-widget_type=\"heading.default\">\n\t\t\t\t<div class=\"elementor-widget-container\">\n\t\t\t\t\t<h2 class=\"elementor-heading-title elementor-size-default\">T\u00e9rminos y Condiciones<br>promociones est\u00e1ndar<\/h2>\t\t\t\t<\/div>\n\t\t\t\t<\/div>\n\t\t\t\t\t<\/div>\n\t\t\t\t<\/div>\n\t\t<div class=\"elementor-element elementor-element-972bdc1 e-flex e-con-boxed e-con e-parent\" data-id=\"972bdc1\" data-element_type=\"container\" data-e-type=\"container\">\n\t\t\t\t\t<div class=\"e-con-inner\">\n\t\t\t\t<div class=\"elementor-element elementor-element-a28c081 elementor-widget elementor-widget-text-editor\" data-id=\"a28c081\" data-element_type=\"widget\" data-e-type=\"widget\" data-widget_type=\"text-editor.default\">\n\t\t\t\t<div class=\"elementor-widget-container\">\n\t\t\t\t\t\t\t\t\t<div class=\"e-n-accordion-item-title-text\"><strong>Long Stay<\/strong><\/div><div class=\"elementor-element elementor-element-68e0951 e-con-full e-flex e-con e-child\" role=\"region region region\" aria-labelledby=\"e-n-accordion-item-1172 e-n-accordion-item-2470 e-n-accordion-item-2020\" data-id=\"68e0951\" data-element_type=\"container\" data-e-type=\"container\"><div class=\"elementor-element elementor-element-2889730 elementor-widget elementor-widget-text-editor\" data-id=\"2889730\" data-element_type=\"widget\" data-e-type=\"widget\" data-widget_type=\"text-editor.default\"><div class=\"elementor-widget-container\"><p><span data-teams=\"true\">Enjoy 15% off your stay. Minimum stay: 5 nights. The discount applies to the best available rate. Valid for stays until January 15, 2026. Offer subject to room availability at the time of booking. This promotion cannot be combined with other offers or discounts. Non-refundable. Not valid at Movich Cartagena from December 29, 2025 to January 2, 2026.<\/span><\/p><\/div><\/div><\/div>\t\t\t\t\t\t\t\t<\/div>\n\t\t\t\t<\/div>\n\t\t\t\t<div class=\"elementor-element elementor-element-31b5c80 elementor-widget elementor-widget-text-editor\" data-id=\"31b5c80\" data-element_type=\"widget\" data-e-type=\"widget\" data-widget_type=\"text-editor.default\">\n\t\t\t\t<div class=\"elementor-widget-container\">\n\t\t\t\t\t\t\t\t\t<div class=\"e-n-accordion-item-title-text\"><div class=\"e-n-accordion-item-title-text\"><strong>Weekly<\/strong><\/div><div class=\"elementor-element elementor-element-aa6b8bc e-con-full e-flex e-con e-child\" role=\"region region region\" aria-labelledby=\"e-n-accordion-item-1172 e-n-accordion-item-2470 e-n-accordion-item-2021\" data-id=\"aa6b8bc\" data-element_type=\"container\" data-e-type=\"container\"><div class=\"elementor-element elementor-element-612fc5b elementor-widget elementor-widget-text-editor\" data-id=\"612fc5b\" data-element_type=\"widget\" data-e-type=\"widget\" data-widget_type=\"text-editor.default\"><div class=\"elementor-widget-container\"><p><span data-teams=\"true\">Enjoy 5% off the best available rate on weekday stays at Movich Cartagena de Indias, and 15% off at all other Movich Hotels and InterContinental Movich Medell\u00edn. This offer is valid from Monday to Thursday for stays of at least 2 nights. Valid for stays until January 15, 2026. Subject to room availability at the time of booking. Cannot be combined with other promotions or discounts. Minimum stay: 2 nights. Non-refundable. Not valid at Movich Cartagena from December 29, 2025 to January 2, 2026.<\/span><\/p><\/div><\/div><\/div><\/div>\t\t\t\t\t\t\t\t<\/div>\n\t\t\t\t<\/div>\n\t\t\t\t<div class=\"elementor-element elementor-element-019a07e elementor-widget elementor-widget-text-editor\" data-id=\"019a07e\" data-element_type=\"widget\" data-e-type=\"widget\" data-widget_type=\"text-editor.default\">\n\t\t\t\t<div class=\"elementor-widget-container\">\n\t\t\t\t\t\t\t\t\t<div class=\"e-n-accordion-item-title-text\"><div class=\"e-n-accordion-item-title-text\"><div class=\"e-n-accordion-item-title-text\"><strong>Advance Purchase<\/strong><\/div><div class=\"elementor-element elementor-element-ac3cfb9 e-con-full e-flex e-con e-child\" role=\"region region region\" aria-labelledby=\"e-n-accordion-item-1172 e-n-accordion-item-2470 e-n-accordion-item-2022\" data-id=\"ac3cfb9\" data-element_type=\"container\" data-e-type=\"container\"><div class=\"elementor-element elementor-element-1490056 elementor-widget elementor-widget-text-editor\" data-id=\"1490056\" data-element_type=\"widget\" data-e-type=\"widget\" data-widget_type=\"text-editor.default\"><div class=\"elementor-widget-container\"><p><span data-teams=\"true\">Enjoy a 20% discount on the best available rate by booking at least 21 days prior to check-in at all Movich hotels except Cartagena de Indias and InterContinental Movich Medellin.<\/span><\/p><p><span data-teams=\"true\">Enjoy a 15% discount on the best available rate by booking at least 15 days prior to check-in at Movich Cartagena de Indias.<\/span><\/p><p><span data-teams=\"true\">Enjoy a 10% discount on the best available rate by booking at least 3 days prior to check-in at Movich Bur\u00f3 26 and Movich Bur\u00f3 51.<\/span><\/p><p><span data-teams=\"true\">Enjoy a 10% discount on the best available rate by booking at least 7 days prior to check-in at Movich Las Lomas, Movich Pereira and Movich Casa del Alf\u00e9rez.<\/span><\/p><p><span data-teams=\"true\">Valid until January 15, 2026 as last date of stay. Subject to room availability at the time of booking. Not combinable or combinable with other promotions. Non-refundable. Not applicable from December 29, 2025 to January 2, 2026 at Movich Cartagena.<\/span><\/p><\/div><\/div><\/div><\/div><\/div>\t\t\t\t\t\t\t\t<\/div>\n\t\t\t\t<\/div>\n\t\t\t\t\t<\/div>\n\t\t\t\t<\/div>\n\t\t<div class=\"elementor-element elementor-element-b75dd27 e-flex e-con-boxed e-con e-parent\" data-id=\"b75dd27\" data-element_type=\"container\" data-e-type=\"container\">\n\t\t\t\t\t<div class=\"e-con-inner\">\n\t\t\t\t<div class=\"elementor-element elementor-element-62b4c4f elementor-widget elementor-widget-spacer\" data-id=\"62b4c4f\" data-element_type=\"widget\" data-e-type=\"widget\" data-widget_type=\"spacer.default\">\n\t\t\t\t<div class=\"elementor-widget-container\">\n\t\t\t\t\t\t\t<div class=\"elementor-spacer\">\n\t\t\t<div class=\"elementor-spacer-inner\"><\/div>\n\t\t<\/div>\n\t\t\t\t\t\t<\/div>\n\t\t\t\t<\/div>\n\t\t\t\t\t<\/div>\n\t\t\t\t<\/div>\n\t\t\t\t<\/div>","protected":false},"excerpt":{"rendered":"<p>T\u00e9rminos y Condicionespromociones est\u00e1ndar Larga Estad\u00eda Disfruta un 15% de descuento en tu alojamiento. M\u00ednimo de estad\u00eda: 5 noches. El descuento aplica sobre la mejor tarifa<span class=\"excerpt-hellip\"> [\u2026]<\/span><\/p>\n","protected":false},"author":1,"featured_media":-1,"parent":0,"menu_order":0,"comment_status":"closed","ping_status":"closed","template":"elementor_header_footer","meta":{"footnotes":""},"class_list":["post-1001","page","type-page","status-publish","has-post-thumbnail","hentry"],"_links":{"self":[{"href":"https:\/\/terminosycondiciones.movichhotels.com\/en\/wp-json\/wp\/v2\/pages\/1001","targetHints":{"allow":["GET"]}}],"collection":[{"href":"https:\/\/terminosycondiciones.movichhotels.com\/en\/wp-json\/wp\/v2\/pages"}],"about":[{"href":"https:\/\/terminosycondiciones.movichhotels.com\/en\/wp-json\/wp\/v2\/types\/page"}],"author":[{"embeddable":true,"href":"https:\/\/terminosycondiciones.movichhotels.com\/en\/wp-json\/wp\/v2\/users\/1"}],"replies":[{"embeddable":true,"href":"https:\/\/terminosycondiciones.movichhotels.com\/en\/wp-json\/wp\/v2\/comments?post=1001"}],"version-history":[{"count":7,"href":"https:\/\/terminosycondiciones.movichhotels.com\/en\/wp-json\/wp\/v2\/pages\/1001\/revisions"}],"predecessor-version":[{"id":1012,"href":"https:\/\/terminosycondiciones.movichhotels.com\/en\/wp-json\/wp\/v2\/pages\/1001\/revisions\/1012"}],"wp:featuredmedia":[{"embeddable":true,"href":"https:\/\/terminosycondiciones.movichhotels.com\/en\/wp-json\/"}],"wp:attachment":[{"href":"https:\/\/terminosycondiciones.movichhotels.com\/en\/wp-json\/wp\/v2\/media?parent=1001"}],"curies":[{"name":"wp","href":"https:\/\/api.w.org\/{rel}","templated":true}]}}